{"id":57,"date":"2016-03-27T22:15:46","date_gmt":"2016-03-27T20:15:46","guid":{"rendered":"http:\/\/morsy.starachowice.pl\/?page_id=57"},"modified":"2016-03-27T22:15:46","modified_gmt":"2016-03-27T20:15:46","slug":"napisali-o-nas","status":"publish","type":"page","link":"https:\/\/morsy.starachowice.pl\/?page_id=57","title":{"rendered":"Napisali o nas"},"content":{"rendered":"<p><a href=\"http:\/\/kielce.tvp.pl\/18207016\/morsy-swietuja\">Morsowa wigilia &#8211; 21 grudnia 2014<\/a><\/p>\n<p><a href=\"http:\/\/www.tvp.pl\/%E2%80%A6\/telewizyjny-kur%E2%80%A6\/wideo\/14122014\/18068358\">V Przeci\u0105ganie Syreny przez Wis\u0142\u0119 &#8211; 14 grudnia 2014 (od 13 min. 32 s.)<\/a><\/p>\n<p><a href=\"http:\/\/www.echodnia.eu\/apps\/pbcs.dll\/article?AID=%2F20140124%2FPOWIAT0111%2F140129286\">Starachowickie morsy gronie pozytywnie zakr\u0119conych, stycze\u0144 2014; Echo dnia<\/a><\/p>\n<p><a href=\"http:\/\/www.jes.org.pl\/2014\/01\/16\/wosp-2014\/\">Wielka Orkiestra \u015awi\u0105tecznej Pomocy &#8211; stycze\u0144 2014, Stowarzyszenie JES<\/a><\/p>\n<p><a href=\"http:\/\/www.echodnia.eu\/apps\/pbcs.dll\/article?AID=\/20140115\/WOSP\/140119166\">Wielka Orkiestra \u015awi\u0105tecznej Pomocy &#8211; stycze\u0144 2014; Echo Dnia<br \/>\n<\/a><\/p>\n<p><a href=\"http:\/\/www.youtube.com\/watch?v=cQb3HtXvsN4\">IV Przeciaganie Syrenki przez Wis\u0142\u0119&#8221; &#8211; Warszawa, grudzie\u0144 2013 r. &#8211; klimatyczny filmik<\/a><\/p>\n<p><a href=\"http:\/\/m188.webd.pl\/\">IV Przeci\u0105ganie Syrenki przez Wis\u0142\u0119 &#8211; Warszawa, grudzie\u0144 2013 r. &#8211; Klub &#8222;Bractwo Wi\u015blane&#8221;<\/a><\/p>\n<p><a href=\"http:\/\/www.starachowicka.pl\/artykul\/9772-starachowickie-morsy-zdobyly-warszawe.html\">IV Przeci\u0105ganie Syrenki przez Wis\u0142\u0119 &#8211; Warszawa, grudzie\u0144 2013 r. &#8211; Gazeta Starachowicka<\/a><\/p>\n<p><a href=\"http:\/\/www.youtube.com\/watch?v=k_57Bcp1AEs\"><br \/>\nIV Przeci\u0105ganie Syrenki przez Wis\u0142\u0119 &#8211; Warszawa, grudzie\u0144 2013 r. &#8211; Youtube<\/a><\/p>\n<p><a href=\"http:\/\/www.tvp.pl\/warszawa\/informacyjne\/kurier-warszawski\/wideo\/15122013\/13337897\"><br \/>\nIV Przeci\u0105ganie Syrenki przez Wis\u0142\u0119 &#8211; Warszawa, grudzie\u0144 2013 r. &#8211; Kurier Warszawski<\/a><\/p>\n<p><a href=\"http:\/\/teleexpress.tvp.pl\/12833849\/pech-morsow\">Inauguracja morsowego sezonu &#8211; pa\u017adziernik 2013 r. &#8211; Teleexpres<\/a><\/p>\n<p><a href=\"http:\/\/www.tvp.pl\/publicystyka\/programy-informacyjne\/wiadomosci\/najciekawsze-materialy\/dobra-aura\/12834130%20\">Inauguracja morsowego sezonu &#8211; pa\u017adziernik 2013 r. &#8211; Wiadomo\u015bci Telewizyjne<br \/>\n<\/a><\/p>\n<p><a href=\"http:\/\/www.tvp.pl\/kielce\/informacyjne\/informacje\/wideo\/27102013-godz-1830\/12833783\">Inauguracja morsowego sezonu &#8211; pa\u017adziernik 2013 r. &#8211; \u015awi\u0119tokrzyski Serwis Informacyjny TV<br \/>\n<\/a><\/p>\n<p><a href=\"http:\/\/www.youtube.com\/watch?v=iQgE2DVtDtM\">Skalbmierskie morsowanie &#8211; luty 2013 r., Youtube<\/a><\/p>\n<p><a href=\"http:\/\/www.towarzystwo.odonow.com\/galerie\/gal_1302morsy.php\">Skalbmierskie morsowanie &#8211; luty 2013 r., Odonowskie Towarzystwo Kulturalne<\/a><\/p>\n<p><a href=\"http:\/\/skalbmierz.eu\/pl\/wydarzenia_gminne\/skalbmierskie_morsowanie_2013\">Skalbmierskie morsowanie &#8211; luty 2013 r. &#8211; Miejski Portal Internetowy<\/a><\/p>\n<p><a href=\"http:\/\/www.kazimierzaw.pl\/Starostwo\/Galerie\/02-2011%20Skalbmierskie%20morsowanie\/\">Skalbmierskie morsowanie &#8211; luty 2013 r. &#8211; galeria starostwa powiatowego<br \/>\n<\/a><\/p>\n<p><a href=\"http:\/\/www.tvp.pl\/krakow\/aktualnosci\/rozmaitosci\/morsy-przeciagnely-smoka-przez-wisle\/9892874\">VI Przeci\u0105ganie Smoka przez Wis\u0142\u0119 &#8211; Krak\u00f3w, stycze\u0144 2013 r. &#8211; ma\u0142opolska TV<\/a><\/p>\n<p><a href=\"https:\/\/plus.google.com\/photos\/102081704058578519303\/albums\/5838203305548625809?authkey=COz7gJW-u9SN3QE\">VI Przeci\u0105ganie Smoka przez Wis\u0142\u0119 &#8211; Krak\u00f3w, stycze\u0144 2013 r. &#8211; fotki<br \/>\n<\/a><\/p>\n<p><a href=\"http:\/\/www.dziennikpolski24.pl\/pl\/region\/miasto-krakow\/1259017-morsy-ucz...\">VI Przeci\u0105ganie Smoka przez Wis\u0142\u0119 &#8211; Krak\u00f3w, stycze\u0144 2013 r. &#8211; Dziennik Polski<br \/>\n<\/a><\/p>\n<p><a href=\"https:\/\/www.facebook.com\/media\/set\/?set=a.513825151973571.116519.169344429754980\">VI Przeci\u0105ganie Smoka przez Wis\u0142\u0119 &#8211; Krak\u00f3w, stycze\u0144 2013 r. &#8211; facebook<\/a><\/p>\n<p><a href=\"http:\/\/mareklasyk.blogspot.com\/2013\/01\/zimno-jak-diabli.html\">VI Przeci\u0105ganie Smoka przez Wis\u0142\u0119 &#8211; Krak\u00f3w, stycze\u0144 2013 r.\u00a0 &#8211; zapiski fotoreportera terenowego<\/a><\/p>\n<p><a href=\"http:\/\/www.infokrakow24.pl\/morsy-przeciagnely-smoka-przez-wisle-zdjecia\/\">VI Przeci\u0105ganie Smoka przez Wis\u0142\u0119 &#8211; Krak\u00f3w, stycze\u0144 2013 r. &#8211; InfoKrak\u00f3w 24<\/a><\/p>\n<div class=\"jsn-article-content\">\n<p><a href=\"http:\/\/warszawa.gazeta.pl\/warszawa\/1,34889,13061937,Przeplyneli_Wisle_wplaw__Poranila_ich_kra__WIDEO_.html\">III Przeci\u0105ganie Syrenki przez Wis\u0142\u0119 &#8211; Warszawa, grudzie\u0144 2012 r. &#8211; gazeta.pl<\/a><\/p>\n<p><a href=\"http:\/\/www.tygodnik.net.pl\/index.php\/starachowice-informacje\/483-starachowicki-klub-morsow-hartuje-cialo-i-umysl\">Starachowicki Klub Mors\u00f3w hartuje dusz\u0119 i cia\u0142o &#8211; luty 2012 r. &#8211; Tygodnik Starachowicki<\/a><\/p>\n<p><a href=\"http:\/\/wirtualnestarachowice.pl\/sport,3684,Starachowickie-morsy-przeplynely-przez-Wisle-ZDJECIAVIDEO.html\">V Przeci\u0105ganie Smoka przez Wis\u0142\u0119 &#8211; Krak\u00f3w, stycze\u0144 2012 r. &#8211; Wirtualne Starachowice<\/a><\/p>\n<p><a href=\"http:\/\/www.echodnia.eu\/apps\/pbcs.dll\/article?AID=\/20111204\/POWIAT0104\/319962853\">Morsowe obchody 144 rocznicy urodzin J\u00f3zefa Pi\u0142sudskiego &#8211; grudzie\u0144 2011 r.<\/a><\/p>\n<p><a href=\"http:\/\/www.echodnia.eu\/apps\/pbcs.dll\/article?AID=\/20111106\/POWIAT0111\/540709384\">Inauguracja morsowego sezonu w Starachowicach &#8211; listopad 2011 r.<\/a><\/p>\n<p><a href=\"http:\/\/starachowice-net.pl\/informator\/news\/oficjalne-rozpocz-cie-sezonu-starachowickich-mors-w\">Inauguracja morsowego sezonu w Starachowicach &#8211; listopad 2011 r. &#8211; Starachowice-Net<br \/>\n<\/a><\/p>\n<p><a href=\"http:\/\/www.echodnia.eu\/apps\/pbcs.dll\/article?AID=\/20110220\/POWIAT0107\/95802786\">Starachowicki WEKTOR go\u015bcinnie w Ostrowcu \u015awi\u0119tokrzyskim &#8211; luty 2011 r.<\/a><\/p>\n<p><a href=\"http:\/\/www.ostrowiecka.pl\/ostrowiec-swietokrzyski\/miasto\/3928-morsy-day-show-zdjcia\">Morsy da\u0142y show &#8211; Ostrowiec \u015awi\u0119tokrzyski, luty 2011 r.<\/a><\/p>\n<p><a href=\"http:\/\/www.echodnia.eu\/apps\/pbcs.dll\/gallery?Site=ED&amp;;Date=20101205&amp;Category=GALERIA11&amp;Artno=6334586&amp;Ref=PH\">Inauguracja sezonu &#8211; grudzie\u0144 2010 r.<\/a><\/p>\n<p><a href=\"http:\/\/www.echodnia.eu\/apps\/pbcs.dll\/article?AID=\/20100123\/KULTURA07\/617012762\">Festyn nad Lubiank\u0105 &#8211; stycze\u0144 2010 r.<\/a><\/p>\n<p><a href=\"http:\/\/www.echodnia.eu\/apps\/pbcs.dll\/article?AID=\/20091208\/POWIAT0111\/151319857\">Sezon na morsa w Starachowicach rozpocz\u0119ty! &#8211; grudzie\u0144 2009 r<\/a>.<\/p>\n<p>&nbsp;<\/p>\n<\/div>\n","protected":false},"excerpt":{"rendered":"<p>Morsowa wigilia &#8211; 21 grudnia 2014 V Przeci\u0105ganie Syreny przez Wis\u0142\u0119 &#8211; 14 grudnia 2014 (od 13 min. 32 s.) Starachowickie morsy gronie pozytywnie zakr\u0119conych, stycze\u0144 2014; Echo dnia Wielka&#8230; <a href=\"https:\/\/morsy.starachowice.pl\/?page_id=57\">Read more &raquo;<\/a><\/p>\n","protected":false},"author":1,"featured_media":0,"parent":0,"menu_order":0,"comment_status":"closed","ping_status":"closed","template":"","meta":[],"_links":{"self":[{"href":"https:\/\/morsy.starachowice.pl\/index.php?rest_route=\/wp\/v2\/pages\/57"}],"collection":[{"href":"https:\/\/morsy.starachowice.pl\/index.php?rest_route=\/wp\/v2\/pages"}],"about":[{"href":"https:\/\/morsy.starachowice.pl\/index.php?rest_route=\/wp\/v2\/types\/page"}],"author":[{"embeddable":true,"href":"https:\/\/morsy.starachowice.pl\/index.php?rest_route=\/wp\/v2\/users\/1"}],"replies":[{"embeddable":true,"href":"https:\/\/morsy.starachowice.pl\/index.php?rest_route=%2Fwp%2Fv2%2Fcomments&post=57"}],"version-history":[{"count":1,"href":"https:\/\/morsy.starachowice.pl\/index.php?rest_route=\/wp\/v2\/pages\/57\/revisions"}],"predecessor-version":[{"id":58,"href":"https:\/\/morsy.starachowice.pl\/index.php?rest_route=\/wp\/v2\/pages\/57\/revisions\/58"}],"wp:attachment":[{"href":"https:\/\/morsy.starachowice.pl\/index.php?rest_route=%2Fwp%2Fv2%2Fmedia&parent=57"}],"curies":[{"name":"wp","href":"https:\/\/api.w.org\/{rel}","templated":true}]}}