{"id":12,"date":"2016-03-27T19:42:58","date_gmt":"2016-03-27T17:42:58","guid":{"rendered":"http:\/\/morsy.starachowice.pl\/?page_id=12"},"modified":"2016-04-04T21:20:54","modified_gmt":"2016-04-04T19:20:54","slug":"o-nas","status":"publish","type":"page","link":"https:\/\/morsy.starachowice.pl\/?page_id=12","title":{"rendered":"O nas"},"content":{"rendered":"<p>Pocz\u0105tki starachowickiego morsingu si\u0119gaj\u0105 jesieni 2007 roku. Pomys\u0142 za\u017cywania zimowych k\u0105pieli pl\u0105ta\u0142 si\u0119 pewnie w g\u0142owach wielu &#8211; tych maj\u0105cych wiedz\u0119 o walorach zdrowotnych tej formy aktywno\u015bci, tych pragn\u0105cych prze\u017cy\u0107 fajn\u0105 przygod\u0119 gwarantuj\u0105c\u0105 solidn\u0105 dawk\u0119 adrenaliny, nadto tych powodowanych zwyk\u0142\u0105 ciekawo\u015bci\u0105. Pierwszym, kt\u00f3ry ide\u0119 zamieni\u0142 w czyn by\u0142 Jarek. Po d\u0142ugim i bezskutecznym poszukiwaniu kompana zimowej przygody powiedzia\u0142 w ko\u0144cu \u2013 \u201ePora na dzia\u0142anie\u201d. 18 listopada 2007 r. na zalewie Piachy odby\u0142 swoj\u0105 pierwsz\u0105 k\u0105piel. Morsing przypad\u0142 mu do gustu tote\u017c kilkana\u015bcie kolejnych tygodni sp\u0119dzi\u0142 na odbywanych w samotno\u015bci cyklicznych k\u0105pielach na Piachach b\u0105d\u017a Lubiance. Grono amator\u00f3w zimowych przyg\u00f3d stopniowo si\u0119 poszerza\u0142o. Jeszcze w sezonie 2007\/2008 swoj\u0105 pierwsz\u0105 przer\u0119bel wyku\u0142 Leszek ze swoim bratankiem Bartkiem. Z ko\u0144cem zimy pojawi\u0142 si\u0119 \u2013 \u201ezaliczaj\u0105c\u201d kilka k\u0105pieli \u2013 Wojtek. W nast\u0119pnym sezonie grupa starachowickich mors\u00f3w za\u017cywaj\u0105cych k\u0105pieli na Piachach liczy\u0142a ju\u017c kilka os\u00f3b. Wielu pojawia\u0142o si\u0119, aby po odbyciu kilku, b\u0105d\u017a kilkunastu k\u0105pieli zarzuci\u0107 t\u0119 form\u0119 zimowej aktywno\u015bci. Inni pozostawali na d\u0142u\u017cej. Dzi\u015b sekcja mors\u00f3w \u015arodowiskowego Klubu Sportowego \u201eWektor\u201d liczy kilkana\u015bcie os\u00f3b regularnie spotykaj\u0105cych si\u0119 w ka\u017cde niedzielne popo\u0142udnie nad zalewem Piachy.<\/p>\n","protected":false},"excerpt":{"rendered":"<p>Pocz\u0105tki starachowickiego morsingu si\u0119gaj\u0105 jesieni 2007 roku. Pomys\u0142 za\u017cywania zimowych k\u0105pieli pl\u0105ta\u0142 si\u0119 pewnie w g\u0142owach wielu &#8211; tych maj\u0105cych wiedz\u0119 o walorach zdrowotnych tej formy aktywno\u015bci, tych pragn\u0105cych prze\u017cy\u0107&#8230; <a href=\"https:\/\/morsy.starachowice.pl\/?page_id=12\">Read more &raquo;<\/a><\/p>\n","protected":false},"author":1,"featured_media":0,"parent":0,"menu_order":0,"comment_status":"closed","ping_status":"closed","template":"","meta":[],"_links":{"self":[{"href":"https:\/\/morsy.starachowice.pl\/index.php?rest_route=\/wp\/v2\/pages\/12"}],"collection":[{"href":"https:\/\/morsy.starachowice.pl\/index.php?rest_route=\/wp\/v2\/pages"}],"about":[{"href":"https:\/\/morsy.starachowice.pl\/index.php?rest_route=\/wp\/v2\/types\/page"}],"author":[{"embeddable":true,"href":"https:\/\/morsy.starachowice.pl\/index.php?rest_route=\/wp\/v2\/users\/1"}],"replies":[{"embeddable":true,"href":"https:\/\/morsy.starachowice.pl\/index.php?rest_route=%2Fwp%2Fv2%2Fcomments&post=12"}],"version-history":[{"count":1,"href":"https:\/\/morsy.starachowice.pl\/index.php?rest_route=\/wp\/v2\/pages\/12\/revisions"}],"predecessor-version":[{"id":13,"href":"https:\/\/morsy.starachowice.pl\/index.php?rest_route=\/wp\/v2\/pages\/12\/revisions\/13"}],"wp:attachment":[{"href":"https:\/\/morsy.starachowice.pl\/index.php?rest_route=%2Fwp%2Fv2%2Fmedia&parent=12"}],"curies":[{"name":"wp","href":"https:\/\/api.w.org\/{rel}","templated":true}]}}