{"id":14,"date":"2016-03-27T19:43:48","date_gmt":"2016-03-27T17:43:48","guid":{"rendered":"http:\/\/morsy.starachowice.pl\/?page_id=14"},"modified":"2021-10-31T16:53:29","modified_gmt":"2021-10-31T15:53:29","slug":"jak-stac-sie-jednym-z-nas","status":"publish","type":"page","link":"http:\/\/morsy.starachowice.pl\/?page_id=14","title":{"rendered":"Jak sta\u0107 si\u0119 jednym z nas?"},"content":{"rendered":"<p>Jak zosta\u0107 cz\u0142onkiem Starachowickiego Klubu Mors\u00f3w WEKTOR?:<\/p>\n<p>powodowany szczer\u0105 ch\u0119ci\u0105 rozpocz\u0119cia morsowej przygody wype\u0142nij deklaracj\u0119 cz\u0142onkowsk\u0105 (do pobrania na naszej stronie lub do zdobycia w trakcie klubowej k\u0105pieli);<\/p>\n<p><a href=\"http:\/\/morsy.starachowice.pl\/wp-content\/uploads\/2018\/01\/deklaracja_mors.pdf\">Kliknij tutaj, aby pobra\u0107 deklaracj\u0119 cz\u0142onkowsk\u0105.<\/a><\/p>\n<p>zjaw si\u0119 zimow\u0105 por\u0105 (tj. wtedy gdy temperatura woda osi\u0105ga poziom morsowej przyzwoito\u015bci &#8211; poni\u017cej 10\u00b0C) w niedziel\u0119 o godzinie 11.00 na Piachach z deklaracj\u0105 cz\u0142onkowsk\u0105 i tym co niezb\u0119dne do odbycia k\u0105pieli;<br \/>\nZlokalizuj na Piachach naszego Naczelnego Morsa (pytaj o Jarka), by pod jego okiem odby\u0107 morsow\u0105 inicjacj\u0119;<br \/>\nZ\u0142apawszy na dobre morsowego bakcyla tj. po odbyciu w klubowym gronie trzech k\u0105pieli mo\u017cesz zosta\u0107 formalnie przyj\u0119ty do klubu. Potrzeba jeszcze tylko ui\u015bci\u0107 wpisowe (20 z\u0142) i sk\u0142adk\u0119 cz\u0142onkowsk\u0105 za dany sezon (aktualnie to 40 z\u0142).<\/p>\n<p>Staj\u0105c si\u0119 cz\u0142onkiem Starachowickiego Klubu Mors\u00f3w WEKTOR mo\u017cesz liczy\u0107 na:<\/p>\n<p>miejsce w przer\u0119bli (bez samotnej, heroicznej walki z 30 centymetrowym lodem);<br \/>\npozytywny, prozdrowotny impuls wynikaj\u0105cy z regularnych zimowych k\u0105piel odbywanych w klubowym gronie;<br \/>\nznalezienie si\u0119 w gronie pozytywnie zakr\u0119conych i przyja\u017anie do Ciebie usposobionych foczek i mors\u00f3w;<br \/>\nmo\u017cliwo\u015b\u0107 zaopatrywania si\u0119 w klubowe gad\u017cety i pos\u0142ugiwania si\u0119 logo klubu;<br \/>\nuczestnictwo w imprezach organizowanych i firmowanych przez klub;<br \/>\nuzyskanie wp\u0142ywu na kszta\u0142t i funkcjonowanie klubu (kreatywno\u015b\u0107 i szalone pomys\u0142y mile widziane).<\/p>\n","protected":false},"excerpt":{"rendered":"<p>Jak zosta\u0107 cz\u0142onkiem Starachowickiego Klubu Mors\u00f3w WEKTOR?: powodowany szczer\u0105 ch\u0119ci\u0105 rozpocz\u0119cia morsowej przygody wype\u0142nij deklaracj\u0119 cz\u0142onkowsk\u0105 (do pobrania na naszej stronie lub do zdobycia w trakcie klubowej k\u0105pieli); Kliknij tutaj,&#8230; <a href=\"http:\/\/morsy.starachowice.pl\/?page_id=14\">Read more &raquo;<\/a><\/p>\n","protected":false},"author":1,"featured_media":0,"parent":0,"menu_order":0,"comment_status":"closed","ping_status":"closed","template":"","meta":[],"_links":{"self":[{"href":"http:\/\/morsy.starachowice.pl\/index.php?rest_route=\/wp\/v2\/pages\/14"}],"collection":[{"href":"http:\/\/morsy.starachowice.pl\/index.php?rest_route=\/wp\/v2\/pages"}],"about":[{"href":"http:\/\/morsy.starachowice.pl\/index.php?rest_route=\/wp\/v2\/types\/page"}],"author":[{"embeddable":true,"href":"http:\/\/morsy.starachowice.pl\/index.php?rest_route=\/wp\/v2\/users\/1"}],"replies":[{"embeddable":true,"href":"http:\/\/morsy.starachowice.pl\/index.php?rest_route=%2Fwp%2Fv2%2Fcomments&post=14"}],"version-history":[{"count":3,"href":"http:\/\/morsy.starachowice.pl\/index.php?rest_route=\/wp\/v2\/pages\/14\/revisions"}],"predecessor-version":[{"id":352,"href":"http:\/\/morsy.starachowice.pl\/index.php?rest_route=\/wp\/v2\/pages\/14\/revisions\/352"}],"wp:attachment":[{"href":"http:\/\/morsy.starachowice.pl\/index.php?rest_route=%2Fwp%2Fv2%2Fmedia&parent=14"}],"curies":[{"name":"wp","href":"https:\/\/api.w.org\/{rel}","templated":true}]}}